{"id":13150,"date":"2018-12-05T13:40:50","date_gmt":"2018-12-05T12:40:50","guid":{"rendered":"https:\/\/www.kurjerzy.pl\/blog\/?page_id=13150"},"modified":"2020-01-07T09:03:53","modified_gmt":"2020-01-07T08:03:53","slug":"tania-paczka-do-francji","status":"publish","type":"page","link":"https:\/\/www.kurjerzy.pl\/blog\/la\/tania-paczka-do-francji\/","title":{"rendered":"Tania paczka do Francji"},"content":{"rendered":"<p><span style=\"width: 100%;\"><img loading=\"lazy\" decoding=\"async\" alt=\"\" title=\"logo_kj_2_1\" data-id=\"10990\" src=\"\/\/www.kurjerzy.pl\/blog\/wp-content\/uploads\/2018\/07\/logo_kj_2_1.png\" style=\"width: 100%;\" width=\"486\" height=\"150\"><\/span><\/p>\n<h1 style=\"text-align: left;\">Tania paczka do Francji<\/h1>\n<h2>Oszcz\u0119dno\u015b\u0107<\/h2>\n<p>Oszcz\u0119dzaj czas i pieni\u0105dze. Zam\u00f3w kuriera w 5 minut i bez rejestracji. Wybierz najta\u0144sz\u0105 firm\u0119 kuriersk\u0105.<\/p>\n<h2>Szybkie dor\u0119czenie<\/h2>\n<p>Przesy\u0142ka dotrze na drugi dzie\u0144 do odbiorcy we Francji.<\/p>\n<h2>Bezpiecze\u0144stwo<\/h2>\n<p>Bezpiecze\u0144stwo ca\u0142ego procesu. Ka\u017cda przesy\u0142ka jest ubezpieczona i monitorowana przez nas. Mamy 10 lat do\u015bwiadczenia.<\/p>\n<p><span style=\"width: 100%;\"><img loading=\"lazy\" decoding=\"async\" alt=\"\" title=\"paczki_francja_2_1\" data-id=\"11020\" src=\"\/\/www.kurjerzy.pl\/blog\/wp-content\/uploads\/2018\/07\/paczki_francja_2_1.png\" style=\"width: 100%;\" width=\"1274\" height=\"1218\"><\/span><\/p>\n<p style=\"text-align: center;\"><span style=\"font-family: &quot;Roboto Condensed&quot;; font-weight: 300;\">&nbsp;Paczki &nbsp;<\/span><\/p>\n<p style=\"text-align: center;\"><span style=\"font-family: &quot;Roboto Condensed&quot;; font-weight: 300;\">zagraniczne&nbsp;<\/span><span style=\"font-family: &quot;Roboto Condensed&quot;; font-weight: 300;\">do Francji&nbsp;<\/span><span style=\"font-family: &quot;Roboto Condensed&quot;; font-weight: 300;\">ju\u017c od<\/span><\/p>\n<p style=\"text-align: center;\"><strong><span id=\"price_total\"><\/span> z\u0142<\/strong><\/p>\n<p style=\"text-align: center;\">z VAT<\/p>\n<h2 style=\"text-align: center;\">Najlepsi kurierzy w jednym miejscu<span><\/span><\/h2>\n<h2 style=\"text-align: center;\"><span>Czy wiesz dlaczego jeste\u015bmy najlepszym wyborem?<\/span><\/h2>\n<p><span style=\"width: 100%;\"><img loading=\"lazy\" decoding=\"async\" alt=\"\" title=\"ico_zaufanie2\" data-id=\"11121\" src=\"\/\/www.kurjerzy.pl\/blog\/wp-content\/uploads\/2018\/07\/ico_zaufanie2.png\" style=\"width: 100%;\" width=\"322\" height=\"320\"><\/span><\/p>\n<h2 style=\"text-align: center;\">Zaufanie<\/h2>\n<p>Na rynku jeste\u015bmy od 2009 roku<\/p>\n<p>i w ci\u0105\u017c si\u0119 rozwijamy.<\/p>\n<p>Zaufa\u0142o nam 230 tys. klient\u00f3w.<\/p>\n<p><span style=\"width: 100%;\"><img loading=\"lazy\" decoding=\"async\" alt=\"\" title=\"ico_dokumenty1\" data-id=\"11116\" src=\"\/\/www.kurjerzy.pl\/blog\/wp-content\/uploads\/2018\/07\/ico_dokumenty1.png\" style=\"width: 100%;\" width=\"322\" height=\"320\"><\/span><\/p>\n<h2 style=\"text-align: center;\">Dokumenty eksportowe<\/h2>\n<p>W trakcie sk\u0142adania zam\u00f3wienia generujemy dokumenty eksportowe.<\/p>\n<p>Nie musisz si\u0119 o nic martwi\u0107.<\/p>\n<p><span style=\"width: 100%;\"><img loading=\"lazy\" decoding=\"async\" alt=\"\" title=\"ico_gwarancja1\" data-id=\"11118\" src=\"\/\/www.kurjerzy.pl\/blog\/wp-content\/uploads\/2018\/07\/ico_gwarancja1.png\" style=\"width: 100%;\" width=\"322\" height=\"320\"><\/span><\/p>\n<h2 style=\"text-align: center;\">Gwarancja dor\u0119czenia<\/h2>\n<p>Zwracamy 150% koszt\u00f3w wysy\u0142ki<\/p>\n<p><span style=\"color: rgb(34, 34, 34);\">w razie nie dostarczenia<\/span><\/p>\n<p><span style=\"color: rgb(34, 34, 34);\">przesy\u0142ki na czas.<\/span><\/p>\n<p><span style=\"width: 100%;\"><img loading=\"lazy\" decoding=\"async\" alt=\"\" title=\"ico_oszczednosc1\" data-id=\"11119\" src=\"\/\/www.kurjerzy.pl\/blog\/wp-content\/uploads\/2018\/07\/ico_oszczednosc1.png\" style=\"width: 100%;\" width=\"322\" height=\"320\"><\/span><\/p>\n<h2 style=\"text-align: center;\">Oszcz\u0119dno\u015b\u0107<\/h2>\n<p>Zamawiasz swojego ulubionego<\/p>\n<p>kuriera w 5 minut bez rejestracji. Importuj zam\u00f3wienia, korzystaj<\/p>\n<p>z szablon\u00f3w wysy\u0142ki.<\/p>\n<h2 style=\"text-align: left;\"><strong>Z\u0142\u00f3\u017c zam\u00f3wienie telefonicznie: 58 355-40-26<\/strong><\/h2>\n<h2 style=\"text-align: left;\"><strong><span>Z\u0142\u00f3\u017c zam\u00f3wienie telefonicznie:<\/span><\/strong><strong><span>58 355-40-26<\/span><\/strong><\/h2>\n<p style=\"text-align: left;\">Nasi konsultanci pomog\u0105 Ci w z\u0142o\u017ceniu zam\u00f3wienia, podpowiedz\u0105 jak zapakowa\u0107 i przygotowa\u0107 przesy\u0142k\u0119 do transportu. Przygotujemy dla Ciebie wycen\u0119 i pode\u015blemy gotowy formularz zam\u00f3wienia na wskazany adres email.&nbsp;<\/p>\n<h2><strong>Tania paczka do Francji&nbsp;<\/strong><strong>\u2013<\/strong><strong> jak zam\u00f3wi\u0107?<\/strong><\/h2>\n<p>W naszym serwisie w prosty spos\u00f3b zam\u00f3wisz kuriera, a wszystko zajmie Ci mniej ni\u017c 5 minut i to bez rejestracji. Ca\u0142y proces sk\u0142ada si\u0119 z kilku prostych krok\u00f3w:<\/p>\n<ul>\n<li><span style=\"\">wype\u0142niasz formularz: nadawca, odbiorca, wielko\u015b\u0107 i wymiary przesy\u0142ki do Francji<\/span><\/li>\n<li><span style=\"\">wybierasz najta\u0144szego kuriera i op\u0142acasz zam\u00f3wienie<\/span><\/li>\n<li><span style=\"\">otrzymujesz list przewozowy i czekasz spokojnie na odbi\u00f3r paczki do Francji<\/span><\/li>\n<\/ul>\n<h2><strong>Tania paczka do Francji \u2013 koszty wysy\u0142ki i bezpiecze\u0144stwo<\/strong><\/h2>\n<p>Wysy\u0142ka za naszym po\u015brednictwem to przede wszystkim oszcz\u0119dno\u015b\u0107 czasu i pieni\u0119dzy. Gdy wype\u0142nisz dane adresowe nadawcy, odbiorcy oraz parametry przesy\u0142ki otrzymasz por\u00f3wnanie ofert najlepszych kurier\u00f3w. Sam decydujesz jakim kurierem wy\u015blesz paczk\u0119 do Francji. Ka\u017cda wys\u0142ana za naszym po\u015brednictwem przesy\u0142ka jest ubezpieczona dlatego nie musisz si\u0119 o nic martwi\u0107.&nbsp;<\/p>\n<h2><strong>Kurier Polska-Francja \u2013 czas transportu<\/strong><\/h2>\n<p>Przesy\u0142ka do Francji dociera z regu\u0142y w 1 do 3 dni. Je\u015bli Twoim priorytetem jest czas to zaznacz us\u0142ug\u0119 ekspresow\u0105. W ten spos\u00f3b paczka dotrze na miejsce przed ko\u0144cem kolejnego dnia po nadaniu. Wybierz opcj\u0119 standardow\u0105 je\u015bli bardziej liczy si\u0119 dla Ciebie cena.<\/p>\n","protected":false},"excerpt":{"rendered":"<p>Tania paczka do Francji Oszcz\u0119dno\u015b\u0107 Oszcz\u0119dzaj czas i pieni\u0105dze. Zam\u00f3w kuriera w 5 minut i bez rejestracji. Wybierz najta\u0144sz\u0105 firm\u0119 kuriersk\u0105. Szybkie dor\u0119czenie Przesy\u0142ka dotrze na drugi dzie\u0144 do odbiorcy we Francji. Bezpiecze\u0144stwo Bezpiecze\u0144stwo ca\u0142ego procesu. Ka\u017cda przesy\u0142ka jest ubezpieczona i monitorowana przez nas. Mamy 10 lat do\u015bwiadczenia. &nbsp;Paczki &nbsp; zagraniczne&nbsp;do Francji&nbsp;ju\u017c od z\u0142 z &#8230;<\/p>\n","protected":false},"author":1,"featured_media":0,"parent":11700,"menu_order":0,"comment_status":"closed","ping_status":"closed","template":"","meta":{"footnotes":""},"class_list":["post-13150","page","type-page","status-publish","hentry"],"yoast_head":"<!-- This site is optimized with the Yoast SEO plugin v26.7 - https:\/\/yoast.com\/wordpress\/plugins\/seo\/ -->\n<title>Tania paczka do Francji - KurJerzy.pl | Blog KurJerzy.pl<\/title>\n<meta name=\"robots\" content=\"noindex, nofollow\" \/>\n<meta property=\"og:locale\" content=\"pl_PL\" \/>\n<meta property=\"og:type\" content=\"article\" \/>\n<meta property=\"og:title\" content=\"Tania paczka do Francji - KurJerzy.pl | Blog KurJerzy.pl\" \/>\n<meta property=\"og:description\" content=\"Tania paczka do Francji Oszcz\u0119dno\u015b\u0107 Oszcz\u0119dzaj czas i pieni\u0105dze. Zam\u00f3w kuriera w 5 minut i bez rejestracji. Wybierz najta\u0144sz\u0105 firm\u0119 kuriersk\u0105. Szybkie dor\u0119czenie Przesy\u0142ka dotrze na drugi dzie\u0144 do odbiorcy we Francji. Bezpiecze\u0144stwo Bezpiecze\u0144stwo ca\u0142ego procesu. Ka\u017cda przesy\u0142ka jest ubezpieczona i monitorowana przez nas. Mamy 10 lat do\u015bwiadczenia. &nbsp;Paczki &nbsp; zagraniczne&nbsp;do Francji&nbsp;ju\u017c od z\u0142 z ...\" \/>\n<meta property=\"og:url\" content=\"https:\/\/www.kurjerzy.pl\/blog\/la\/tania-paczka-do-francji\/\" \/>\n<meta property=\"og:site_name\" content=\"KurJerzy.pl | Blog KurJerzy.pl\" \/>\n<meta property=\"article:publisher\" content=\"https:\/\/www.facebook.com\/KurJerzy\" \/>\n<meta property=\"article:modified_time\" content=\"2020-01-07T08:03:53+00:00\" \/>\n<meta property=\"og:image\" content=\"\/\/www.kurjerzy.pl\/blog\/wp-content\/uploads\/2018\/07\/logo_kj_2_1.png\" \/>\n<meta name=\"twitter:card\" content=\"summary_large_image\" \/>\n<meta name=\"twitter:label1\" content=\"Szacowany czas czytania\" \/>\n\t<meta name=\"twitter:data1\" content=\"2 minuty\" \/>\n<script type=\"application\/ld+json\" class=\"yoast-schema-graph\">{\"@context\":\"https:\/\/schema.org\",\"@graph\":[{\"@type\":\"WebPage\",\"@id\":\"https:\/\/www.kurjerzy.pl\/blog\/la\/tania-paczka-do-francji\/\",\"url\":\"https:\/\/www.kurjerzy.pl\/blog\/la\/tania-paczka-do-francji\/\",\"name\":\"Tania paczka do Francji - KurJerzy.pl | Blog KurJerzy.pl\",\"isPartOf\":{\"@id\":\"https:\/\/www.kurjerzy.pl\/blog\/#website\"},\"datePublished\":\"2018-12-05T12:40:50+00:00\",\"dateModified\":\"2020-01-07T08:03:53+00:00\",\"breadcrumb\":{\"@id\":\"https:\/\/www.kurjerzy.pl\/blog\/la\/tania-paczka-do-francji\/#breadcrumb\"},\"inLanguage\":\"pl-PL\",\"potentialAction\":[{\"@type\":\"ReadAction\",\"target\":[\"https:\/\/www.kurjerzy.pl\/blog\/la\/tania-paczka-do-francji\/\"]}]},{\"@type\":\"BreadcrumbList\",\"@id\":\"https:\/\/www.kurjerzy.pl\/blog\/la\/tania-paczka-do-francji\/#breadcrumb\",\"itemListElement\":[{\"@type\":\"ListItem\",\"position\":1,\"name\":\"Strona g\u0142\u00f3wna\",\"item\":\"https:\/\/www.kurjerzy.pl\/blog\/\"},{\"@type\":\"ListItem\",\"position\":2,\"name\":\"la\",\"item\":\"https:\/\/www.kurjerzy.pl\/blog\/la\/\"},{\"@type\":\"ListItem\",\"position\":3,\"name\":\"Tania paczka do Francji\"}]},{\"@type\":\"WebSite\",\"@id\":\"https:\/\/www.kurjerzy.pl\/blog\/#website\",\"url\":\"https:\/\/www.kurjerzy.pl\/blog\/\",\"name\":\"KurJerzy.pl | Blog KurJerzy.pl\",\"description\":\"Blog - Przesy\u0142ki i firmy kurierskie\",\"potentialAction\":[{\"@type\":\"SearchAction\",\"target\":{\"@type\":\"EntryPoint\",\"urlTemplate\":\"https:\/\/www.kurjerzy.pl\/blog\/?s={search_term_string}\"},\"query-input\":{\"@type\":\"PropertyValueSpecification\",\"valueRequired\":true,\"valueName\":\"search_term_string\"}}],\"inLanguage\":\"pl-PL\"}]}<\/script>\n<!-- \/ Yoast SEO plugin. -->","yoast_head_json":{"title":"Tania paczka do Francji - KurJerzy.pl | Blog KurJerzy.pl","robots":{"index":"noindex","follow":"nofollow"},"og_locale":"pl_PL","og_type":"article","og_title":"Tania paczka do Francji - KurJerzy.pl | Blog KurJerzy.pl","og_description":"Tania paczka do Francji Oszcz\u0119dno\u015b\u0107 Oszcz\u0119dzaj czas i pieni\u0105dze. Zam\u00f3w kuriera w 5 minut i bez rejestracji. Wybierz najta\u0144sz\u0105 firm\u0119 kuriersk\u0105. Szybkie dor\u0119czenie Przesy\u0142ka dotrze na drugi dzie\u0144 do odbiorcy we Francji. Bezpiecze\u0144stwo Bezpiecze\u0144stwo ca\u0142ego procesu. Ka\u017cda przesy\u0142ka jest ubezpieczona i monitorowana przez nas. Mamy 10 lat do\u015bwiadczenia. &nbsp;Paczki &nbsp; zagraniczne&nbsp;do Francji&nbsp;ju\u017c od z\u0142 z ...","og_url":"https:\/\/www.kurjerzy.pl\/blog\/la\/tania-paczka-do-francji\/","og_site_name":"KurJerzy.pl | Blog KurJerzy.pl","article_publisher":"https:\/\/www.facebook.com\/KurJerzy","article_modified_time":"2020-01-07T08:03:53+00:00","og_image":[{"url":"\/\/www.kurjerzy.pl\/blog\/wp-content\/uploads\/2018\/07\/logo_kj_2_1.png","type":"","width":"","height":""}],"twitter_card":"summary_large_image","twitter_misc":{"Szacowany czas czytania":"2 minuty"},"schema":{"@context":"https:\/\/schema.org","@graph":[{"@type":"WebPage","@id":"https:\/\/www.kurjerzy.pl\/blog\/la\/tania-paczka-do-francji\/","url":"https:\/\/www.kurjerzy.pl\/blog\/la\/tania-paczka-do-francji\/","name":"Tania paczka do Francji - KurJerzy.pl | Blog KurJerzy.pl","isPartOf":{"@id":"https:\/\/www.kurjerzy.pl\/blog\/#website"},"datePublished":"2018-12-05T12:40:50+00:00","dateModified":"2020-01-07T08:03:53+00:00","breadcrumb":{"@id":"https:\/\/www.kurjerzy.pl\/blog\/la\/tania-paczka-do-francji\/#breadcrumb"},"inLanguage":"pl-PL","potentialAction":[{"@type":"ReadAction","target":["https:\/\/www.kurjerzy.pl\/blog\/la\/tania-paczka-do-francji\/"]}]},{"@type":"BreadcrumbList","@id":"https:\/\/www.kurjerzy.pl\/blog\/la\/tania-paczka-do-francji\/#breadcrumb","itemListElement":[{"@type":"ListItem","position":1,"name":"Strona g\u0142\u00f3wna","item":"https:\/\/www.kurjerzy.pl\/blog\/"},{"@type":"ListItem","position":2,"name":"la","item":"https:\/\/www.kurjerzy.pl\/blog\/la\/"},{"@type":"ListItem","position":3,"name":"Tania paczka do Francji"}]},{"@type":"WebSite","@id":"https:\/\/www.kurjerzy.pl\/blog\/#website","url":"https:\/\/www.kurjerzy.pl\/blog\/","name":"KurJerzy.pl | Blog KurJerzy.pl","description":"Blog - Przesy\u0142ki i firmy kurierskie","potentialAction":[{"@type":"SearchAction","target":{"@type":"EntryPoint","urlTemplate":"https:\/\/www.kurjerzy.pl\/blog\/?s={search_term_string}"},"query-input":{"@type":"PropertyValueSpecification","valueRequired":true,"valueName":"search_term_string"}}],"inLanguage":"pl-PL"}]}},"_links":{"self":[{"href":"https:\/\/www.kurjerzy.pl\/blog\/wp-json\/wp\/v2\/pages\/13150","targetHints":{"allow":["GET"]}}],"collection":[{"href":"https:\/\/www.kurjerzy.pl\/blog\/wp-json\/wp\/v2\/pages"}],"about":[{"href":"https:\/\/www.kurjerzy.pl\/blog\/wp-json\/wp\/v2\/types\/page"}],"author":[{"embeddable":true,"href":"https:\/\/www.kurjerzy.pl\/blog\/wp-json\/wp\/v2\/users\/1"}],"replies":[{"embeddable":true,"href":"https:\/\/www.kurjerzy.pl\/blog\/wp-json\/wp\/v2\/comments?post=13150"}],"version-history":[{"count":5,"href":"https:\/\/www.kurjerzy.pl\/blog\/wp-json\/wp\/v2\/pages\/13150\/revisions"}],"predecessor-version":[{"id":21091,"href":"https:\/\/www.kurjerzy.pl\/blog\/wp-json\/wp\/v2\/pages\/13150\/revisions\/21091"}],"up":[{"embeddable":true,"href":"https:\/\/www.kurjerzy.pl\/blog\/wp-json\/wp\/v2\/pages\/11700"}],"wp:attachment":[{"href":"https:\/\/www.kurjerzy.pl\/blog\/wp-json\/wp\/v2\/media?parent=13150"}],"curies":[{"name":"wp","href":"https:\/\/api.w.org\/{rel}","templated":true}]}}